{"id":4308,"date":"2016-07-20T21:45:41","date_gmt":"2016-07-20T21:45:41","guid":{"rendered":"http:\/\/viausimmigration.com\/chinese\/?page_id=4308"},"modified":"2026-04-19T21:10:01","modified_gmt":"2026-04-19T21:10:01","slug":"peq","status":"publish","type":"page","link":"https:\/\/viausimmigration.com\/chinese\/peq\/","title":{"rendered":"\u9b41\u5317\u514b\u7ecf\u9a8c\u7c7b\u79fb\u6c11"},"content":{"rendered":"<p><span style=\"color: #e60000;\"><strong>\u9b41\u5317\u514b\u7ecf\u9a8c\u7c7b\u79fb\u6c11 (PEQ)<\/strong><\/span><\/p>\n<p>PEQ \u9879\u76ee\u4e8e2010\u5e742\u670814\u65e5\u751f\u6548\uff0c\u65e8\u5728\u52a0\u901f\u9488\u5bf9\u6709\u6280\u672f\u7684\u5de5\u4f5c\u8005\u7684\u7504\u9009\u8fdb\u7a0b\u3002\u5b83\u9488\u5bf9\u4ee5\u4e0b\u4eba\u5458\u800c\u8bbe\u8ba1\uff1a<\/p>\n<ul>\n<li><span style=\"color: #e60000;\"><strong>\u6301\u5de5\u4f5c\u8bb8\u53ef\u5728\u9b41\u7701\u5de5\u4f5c\u7684\u5916\u56fd\u52b3\u5de5<\/strong><\/span><\/li>\n<li><span style=\"color: #e60000;\"><strong>\u9b41<\/strong><strong>\u7701<\/strong><strong>\u6bd5\u4e1a\u6216\u5c06\u6bd5\u4e1a\u7684\u5916\u56fd\u7559\u5b66\u751f<\/strong><\/span><\/li>\n<\/ul>\n<p>PEQ \u7684\u76ee\u6807\u662f\u8fc5\u901f\u5730\u7ed9\u6ee1\u8db3\u6761\u4ef6\u7684\u5de5\u4eba\u6216\u6bd5\u4e1a\u751f\u9881\u53d1 CSQ (Quebec Selection Certificate)\u3002\u5728\u9002\u7528\u7684\u60c5\u51b5\u4e0b\uff0cCSQ \u4e5f\u9881\u53d1\u7ed9\u4ed6\u4eec\u7684\u914d\u5076\uff0c\u4e8b\u5b9e\u4e0a\u7684\u914d\u5076\uff0c\u4ee5\u53ca\u53d7\u629a\u517b\u7684\u5b50\u5973\u3002<\/p>\n<p><span style=\"color: #e60000;\"><strong>1. \u6301\u5de5\u4f5c\u8bb8\u53ef\u5728\u9b41\u7701\u5de5\u4f5c\u7684\u5916\u56fd\u52b3\u5de5<\/strong><\/span><\/p>\n<p>\u9488\u5bf9\u73b0\u53d7\u96c7\u4e8e\u9b41\u7701\u6301\u6709\u5de5\u4f5c\u8bb8\u53ef\u7684\u5916\u56fd\u52b3\u5de5\uff08\u5728\u8fc7\u53bb24 \u4e2a\u6708\u5185\u62e5\u6709\u81f3\u5c1112\u4e2a\u6708\u5728\u9b41\u7701\u7684\u5de5\u4f5c\u7ecf\u9a8c\uff0c\u4e14\u53ef\u4ee5\u8fdb\u884c\u6cd5\u8bed\u4ea4\u6d41\uff09\u3002<\/p>\n<p><span style=\"color: #e60000;\"><strong>\u7533\u8bf7\u6761\u4ef6\uff1a<\/strong><\/span><\/p>\n<ul>\n<li>\u5e74\u6ee1 18 \u5468\u5c81;<\/li>\n<li>\u73b0\u5c45\u4f4f\u5728\u9b41\u7701\uff0c\u6301\u6709\u5de5\u4f5c\u8bb8\u53ef\uff0c\u6216\u5728\u9752\u5e74\u4ea4\u6362\u8ba1\u5212\u4e2d\u62e5\u6709\u5408\u6cd5\u8eab\u4efd\u7684\u4e34\u65f6\u5c45\u6c11;<\/li>\n<li>\u5728\u8fc7\u53bb 24 \u4e2a\u6708\u4e2d\u81f3\u5c11\u670912 \u4e2a\u6708\u4ece\u4e8b\u4e00\u79cd\u6216\u591a\u79cd\u53ef\u7528\u4e8e\u7533\u8bf7 PEQ \u79fb\u6c11\u7684\u5de5\u4f5c;<\/li>\n<li>\u6ee1\u8db3\u5de5\u4f5c\u8bb8\u53ef\u7684\u6240\u6709\u6761\u4ef6;<\/li>\n<li>\u6cd5\u8bed\u6c34\u5e73\u8fbe\u5230\u4e2d\u7ea7\u7684\u6700\u9ad8\u7ea7\uff08Advanced Intermediate Level\uff1aLevel 7\/ B2\uff09\u6cd5\u8bed\u9700\u8981\u6807\u51c6\u8003\u8bd5\u6765\u63d0\u4f9b\u8bc1\u660e\u6750\u6599 (\u514d\u8003\u8bd5\u7684\u60c5\u51b5\u8bf7\u53c2\u7167\u5982\u4e0b\u201c<span style=\"color: #e60000;\">\u9b41\u7701\u6bd5\u4e1a\u6216\u5c06\u6bd5\u4e1a\u7684\u5916\u56fd\u7559\u5b66\u751f<\/span>\u201d\u6240\u8ff0)\uff1b<\/li>\n<li>\u80fd\u591f\u8d1f\u62c5\u81ea\u5df1\u53ca\u968f\u884c\u5bb6\u4eba\u83b7\u5f97\u6c38\u4e45\u5c45\u6c11\u8eab\u4efd\u540e\u81f3\u5c11 3 \u4e2a\u6708\u7684\u751f\u6d3b\u5f00\u652f\u3002<\/li>\n<\/ul>\n<p><span style=\"color: #e60000;\"><strong>\u53ef\u7528\u4e8e\u7533\u8bf7 <\/strong><strong>PEQ <\/strong><strong>\u79fb\u6c11\u7533\u8bf7\u7684\u5de5\u4f5c\u7c7b\u578b\uff1a<\/strong><\/span><\/p>\n<ul>\n<li>\u5408\u6cd5\u7684\u5168\u804c\u5de5\u4f5c\uff08\u6bcf\u5468\u81f3\u5c11 30 \u5c0f\u65f6\uff09\uff0c\u517c\u804c\u5de5\u4f5c\u6216\u81ea\u96c7\u4e0d\u88ab\u8003\u8651;<\/li>\n<li>\u5de5\u4f5c\u804c\u4f4d\u662f\u6307\u7ba1\u7406\u7c7b\u3001\u4e13\u4e1a\u7c7b\u3001\u6216\u6280\u80fd\u7c7b\uff08NOC 0\uff0cA\uff0cB \u7c7b\uff09;<\/li>\n<li>\u901a\u8fc7\u6bd5\u4e1a\u540e\u5de5\u7b7e\u3001\u9752\u5e74\u4ea4\u6362\u8ba1\u5212\u3001\u6216\u5b9e\u4e60\u5de5\u4f5c\u6240\u53d6\u5f97\u7684\u5de5\u4f5c\u7ecf\u9a8c\uff0c\u5982\u679c\u7b26\u5408 PEQ \u7684\u8981\u6c42\u6709\u53ef\u80fd\u4f1a\u88ab\u8003\u8651\u7b97\u4f5c\u5de5\u4f5c\u65f6\u95f4\u3002<\/li>\n<\/ul>\n<p><span style=\"color: #e60000;\"><strong>PEQ <\/strong><strong>\u7533\u8bf7\u6d41\u7a0b<\/strong><strong>:<\/strong><\/span><\/p>\n<p style=\"padding-left: 30px;\">a) \u4e00\u4efd\u5b8c\u6574\u7684\u7b26\u5408\u8981\u6c42\u7684 PEQ \u7533\u8bf7\u5c06\u4f1a\u572820 \u5929\u4e4b\u5185\u4f18\u5148\u53d7\u7406;<\/p>\n<p style=\"padding-left: 30px;\">b) \u5982\u679c\u88ab\u8981\u6c42\u8865\u4ef6\uff0c\u9664\u4e86\u6bd5\u4e1a\u8bc1\u5916\uff08\u9700\u4e8b\u5148\u6ce8\u660e\u6bd5\u4e1a\u65f6\u95f4\uff09\uff0c\u9700\u572860 \u5929\u5185\u5b8c\u6210\u8865\u4ef6\uff0c\u5426\u5219\u4f1a\u88ab\u9000\u4ef6;<\/p>\n<p style=\"padding-left: 30px;\">c) \u7504\u9009\u7a0b\u5e8f\u6709\u522b\u4e8e\u6280\u672f\u79fb\u6c11\u7684\u6253\u5206\u5236\uff0c\u53ea\u8981\u6ee1\u8db3 PEQ \u5404\u9879\u6761\u4ef6\uff0c\u5c31\u4f1a\u83b7\u53d6 CSQ\uff0c\u56e0\u6b64\u5bf9\u914d\u5076\u6ca1\u6709\u4efb\u4f55\u52a0\u5206\u56e0\u7d20\u6216\u8981\u6c42;<\/p>\n<p style=\"padding-left: 30px;\">d) \u6ca1\u6709\u9762\u8bd5\uff0c\u6240\u6709\u7a0b\u5e8f\u90fd\u662f\u5728\u6750\u6599\u5ba1\u6838\u7684\u57fa\u7840\u4e0a\u5b8c\u6210\u7684\u3002<\/p>\n<p><span style=\"color: #e60000;\"><strong>\u53d6\u5f97 <\/strong><strong>PEQ <\/strong><strong>\u4e4b\u540e\u7684\u6ce8\u610f\u4e8b\u9879\uff1a<\/strong><\/span><\/p>\n<ul>\n<li>\u7559\u5b66\u751f\u6210\u529f\u53d6\u5f97 CSQ \u4e4b\u540e\uff0c\u5982\u679c\u4e0d\u5de5\u4f5c\u800c\u662f\u7ee7\u7eed\u5b66\u4e60\uff0c\u5c06\u4f1a\u88ab\u53d6\u6d88\u79fb\u6c11\u8d44\u683c\uff1b<\/li>\n<li>\u7559\u5b66\u751f\u6210\u529f\u53d6\u5f97 CSQ \u4e4b\u540e\uff0c\u5728\u6ca1\u6709\u5f97\u5230\u8054\u90a6\u79fb\u6c11\u6279\u51c6\u4e4b\u524d\uff0c\u5982\u679c\u60f3\u5de5\u4f5c\uff0c\u9700\u8981\u7533\u8bf7\u5de5\u4f5c\u8bb8\u53ef\uff1b<\/li>\n<li>\u9b41\u7701\u5916\u56fd\u52b3\u5de5\u6210\u529f\u53d6\u5f97 CSQ \u4e4b\u540e\uff0c\u65e0\u9700\u7eed\u7b7e CAQ\uff08\u9b41\u7701\u8bb8\u53ef\u8bc1\uff09\u6216\u66f4\u65b0\u5de5\u4f5c\u8bb8\u53ef\uff0c\u800c\u4e14\u96c7\u4e3b\u4e5f\u53ef\u88ab\u514d\u9664\u63d0\u4f9bLMIA \u7684\u8981\u6c42\u3002<\/li>\n<\/ul>\n<p><span style=\"color: #e60000;\"><strong>2. \u9b41<\/strong><strong>\u7701<\/strong><strong>\u6bd5\u4e1a\u6216\u5c06\u6bd5\u4e1a\u7684\u5916\u56fd\u7559\u5b66\u751f<\/strong><\/span><\/p>\n<p><span style=\"color: #e60000;\"><strong>\u7b26\u5408<\/strong><strong>\u901a\u8fc7 <\/strong><strong>PEQ <\/strong><strong>\u83b7\u5f97 <\/strong><strong>CSQ \u7684\u6761\u4ef6\uff1a<\/strong><\/span><\/p>\n<ul>\n<li>\u81f3\u5c11\u5e74\u6ee118\u5c81\uff0c\u6253\u7b97\u5728\u9b41\u5317\u514b\u5b9a\u5c45\u53ca\u5de5\u4f5c\uff1b<\/li>\n<li>\u4f5c\u4e3a\u5916\u56fd\u7559\u5b66\u751f\u7684\u5c45\u7559\u662f\u5408\u6cd5\u7684\uff1b<\/li>\n<li>\u5df2\u6301\u4e00\u4e2a\u6709\u8d44\u683c\u7533\u8bf7 PEQ \u7684\u9b41\u5317\u514b\u6587\u51ed\u6216\u8005\u5728\u4f60\u9012\u4ea4\u7533\u8bf7\u4e4b\u65e5\u8d77\u516d\u4e2a\u6708\u5185\u5373\u5c06\u5b8c\u6210\u4f60\u7684\u5b66\u4e1a\uff1b<\/li>\n<li>\u62e5\u6709\u6cd5\u8bed\u7684\u4e2d\u9ad8\u7ea7\u6c34\u5e73\uff1b<\/li>\n<li>\u786e\u4fdd\u63d0\u4ea4\u8db3\u591f\u7684\u8d44\u91d1\u4ee5\u6ee1\u8db3\u4f60\u83b7\u53d6\u6c38\u4e45\u5c45\u6c11\u8eab\u4efd\u81f3\u5c113\u4e2a\u6708\u7684\u751f\u6d3b\u6240\u9700\uff0c\u5728\u9002\u7528\u7684\u60c5\u51b5\u4e0b\uff0c\u4e5f\u5305\u62ec\u6ee1\u8db3\u4f60\u7533\u8bf7\u4e2d\u5df2\u5305\u542b\u7684\u914d\u5076\u6216\u4e8b\u5b9e\u4e0a\u7684\u914d\u5076\uff0c\u4ee5\u53ca\u53d7\u629a\u517b\u7684\u5b50\u5973\u3002<\/li>\n<\/ul>\n<p><span style=\"color: #e60000;\"><strong>\u4e0d\u7b26\u5408<\/strong><strong>\u7b26\u5408<\/strong><strong>\u901a\u8fc7 <\/strong><strong>PEQ <\/strong><strong>\u83b7\u5f97 <\/strong><strong>CSQ <\/strong><strong>\u7684\u6761\u4ef6<\/strong><strong>\uff1a<\/strong><\/span><\/p>\n<ul>\n<li>\u5982\u679c\u4f60\u662f\u6301\u6709\u5956\u5b66\u91d1\u5e76\u53d7\u6cd5\u5f8b\u7ea6\u5b9a\u9700\u8981\u8fd4\u56de\u539f\u7c4d\u56fd\u7684\u5b66\u751f\uff08\u4ea4\u6362\u751f\uff09\uff0c\u9664\u975e\u4f60\u5df2\u7ecf\u5b8c\u6210\u9879\u76ee\u4e0d\u518d\u53d7\u5230\u9650\u5236\uff1b\u6216\u8005<\/li>\n<li>\u5df2\u5728\u9b41\u5317\u514b\u5f00\u59cb\u4e86\u4e00\u4e2a\u65b0\u7684\u5b66\u4e60\u9879\u76ee\uff1b<\/li>\n<li>\u5728\u4f60\u9012\u4ea4 CSQ \u7533\u8bf7\u548c\u5b8c\u6210\u5b66\u4e1a\u4e2d\u95f4\u65f6\u95f4\u5df2\u7ecf\u8fc7\u53bb36\u4e2a\u6708;<\/li>\n<li>\u670950%\u7684\u8bfe\u7a0b\u7ecf\u8bc1\u660e\u662f\u5728\u9b41\u5317\u514b\u7701\u5883\u5916\u8fdb\u884c\u7684\uff0c\u5219\u6ca1\u6709\u8d44\u683c\u7533\u8bf7 PEQ\u3002<\/li>\n<\/ul>\n<p><span style=\"color: #e60000;\"><strong>\u6709\u8d44\u683c\u7533\u8bf7 <\/strong><strong>PEQ \u7684\u6587\u51ed\u7c7b<\/strong><strong>\u578b\uff1a<\/strong><\/span><\/p>\n<ul>\n<li>\u5b66\u58eb\u5b66\u4f4d\uff08\u5927\u5b66\u672c\u79d1\u751f\uff09\uff1b<\/li>\n<li>\u7855\u58eb\u5b66\u4f4d\uff08\u5305\u62ecMBA\uff09\uff1b<\/li>\n<li>\u535a\u58eb\u5b66\u4f4d\uff1b<\/li>\n<li>\u5b66\u9662\u6280\u672f\u7c7b\u57f9\u8bad\u6587\u51ed\uff08\u6cd5\u8bed\uff1aDEC \u2013 tech\uff0c\u82f1\u8bed\uff1aDCS \u2013 tech\uff09\uff1b<\/li>\n<li>\u81f3\u5c111800\u5b66\u65f6\u7684\u804c\u4e1a\u57f9\u8bad\u6587\u51ed\uff08\u82f1\u8bed\uff1aDVS\uff0c\u6cd5\u8bed\uff1aDEP\uff09\uff1b<\/li>\n<li>\u83b7\u5f97\u804c\u4e1a\u57f9\u8bad\u6587\u51ed\uff08\u82f1\u8bed\uff1aDVS\uff0c\u6cd5\u8bed\uff1aDEP\uff09\u540e\u7d27\u63a5\u7740\u8bfb\u4e00\u4e2a\u804c\u4e1a\u57f9\u8bad\u8bc1\u4e66\uff08\u82f1\u8bed\uff1aAVS\uff0c\u6cd5\u8bed\uff1aASP\uff09\uff0c\u52a0\u8d77\u6765\u8fbe\u52301800\u4e2a\u5b66\u65f6\u3002<\/li>\n<\/ul>\n<p style=\"padding-left: 30px;\"><span style=\"color: #e60000;\">\u5e76\u4e14\u8fd9\u4e9b\u6587\u51ed\u5fc5\u987b\u662f\u5728\u4ee5\u4e0b\u60c5\u51b5\u4e0b\u53d6\u5f97\u7684:<\/span><\/p>\n<ul>\n<li>\u5728\u9012\u4ea4 CSQ \u524d\u768436\u4e2a\u6708\u5185\u83b7\u5f97\uff1b<\/li>\n<li>\u51fa\u81ea\u53d7\u9b41\u5317\u514b\u6559\u80b2\u6587\u5a31\u4f53\u80b2\u90e8\u8ba4\u53ef\u7684\u4e00\u6240\u9b41\u5317\u514b\u5927\u5b66\u6216\u8005\u4e00\u6240\u6559\u80b2\u673a\u6784\uff1b<\/li>\n<li>\u53c2\u52a0\u7684\u662f\u4f4d\u4e8e\u9b41\u5317\u514b\u7701\u7684\u4e00\u6240\u6559\u80b2\u673a\u6784\u7684\u4e00\u4e2a\u5168\u65e5\u5236\u5b66\u4e60\u9879\u76ee\u3002<\/li>\n<\/ul>\n<p><span style=\"color: #e60000;\"><strong>\u7533\u8bf7 PEQ \u5fc5\u9700\u5177\u5907\u7684\u8bed\u8a00\u6761\u4ef6\uff1a<\/strong><\/span><\/p>\n<p>a) \u4f60\u5fc5\u987b\u5177\u5907\u6cd5\u8bed\u4e2d\u9ad8\u7ea7\u6c34\u5e73\u624d\u6709\u8d44\u683c\u7533\u8bf7 PEQ\u3002\u4e2d\u9ad8\u7ea7\u6c34\u5e73\u76f8\u5f53\u4e8e\u6cd5\u8bed\u7b49\u7ea7\u8003\u8bd5\u7684 level7 \u6c34\u5e73\uff0c\u6b27\u6d32\u8bed\u8a00\u901a\u7528\u53c2\u7167\u67b6\u6784\u7684B2\u6c34\u5e73\u3002<\/p>\n<p style=\"padding-left: 30px;\"><span style=\"color: #e60000;\"> \u5982\u679c\u4f60\u80fd\u63d0\u4f9b\u4e0b\u9762\u8ba4\u53ef\u7684\u8bc1\u4ef6\u5219\u4e0d\u7528\u63d0\u4f9b\u6807\u51c6\u5316\u6d4b\u8bd5\u8bc1\u660e\uff1a<\/span><\/p>\n<p style=\"padding-left: 30px;\">o\u00a0\u00a0 \u6709\u9ad8\u4e2d\u6216\u5927\u5b66\u7684\u6210\u7ee9\u5355\u8bc1\u660e\u5728\u9b41\u7701\u6216\u6d77\u5916\u7528\u6cd5\u8bed\u5b8c\u6210\u4e86\u81f3\u5c113 \u5e74\u7684\u5b66\u4e1a\uff1b<\/p>\n<p style=\"padding-left: 30px;\">o\u00a0\u00a0 \u6216\u8005\u6709\u5728\u9b41\u7701\u5185\u7684\u5927\u5b66\u6216\u88ab\u9b41\u7701\u6559\u80b2\u90e8\u8ba4\u53ef\u7684\u6559\u80b2\u673a\u6784\u51fa\u5177\u5b8c\u6210\u6cd5\u8bed\u4e2d\u9ad8\u7ea7\u8bfe\u7a0b\u7684\u6210\u7ee9\u5355\uff1b<\/p>\n<p style=\"padding-left: 30px;\">o\u00a0\u00a0 \u6216\u8005\u6709\u8bc1\u660e\u8bf4\u660e\u5df2\u7ecf\u8fbe\u5230\u9b41\u7701\u804c\u4e1a\u5b88\u5219\u6240\u8981\u6c42\u7684\u8bed\u8a00\u6c34\u5e73\uff08\u4f8b\u5982\u9b41\u7701\u5f8b\u5e08\u534f\u4f1a\u58f0\u660e\uff09\uff1b<\/p>\n<p style=\"padding-left: 30px;\">o\u00a0\u00a0 \u5982\u679c\u5b66\u4e1a\u662f\u5728\u9b41\u7701\u7528\u6cd5\u8bed\u5b8c\u6210\uff0c\u5e76\u63d0\u4f9b\u6bd5\u4e1a\u8bc1\u548c\u6210\u7ee9\u5355\uff0c\u5219\u8be5\u8bed\u8a00\u8981\u6c42\u81ea\u52a8\u6ee1\u8db3\u3002<\/p>\n<p>b) \u5982\u679c\u4f60\u5e0c\u671b\u63d0\u4ea4\u6807\u51c6\u6d4b\u8bd5\u6210\u7ee9\u53d6\u5f97\u6cd5\u8bed\u53e3\u8bed\u8ba4\u8bc1\uff0c\u5fc5\u987b\u786e\u4fdd\u53e3\u8bed\u7406\u89e3\u548c\u53e3\u8bed\u8868\u8fbe\u90fd\u5f97\u5230\u4e86\u6d4b\u8bd5\u3002<\/p>\n<p>c) \u6d4b\u8bd5\u7ed3\u679c\u5fc5\u987b\u5728\u7533\u8bf7\u63d0\u4ea4\u65f6\u7684\u4e24\u5e74\u4e4b\u5185\u3002<\/p>\n<p style=\"padding-left: 30px;\"><span style=\"color: #e60000;\">\u4ee5\u4e0b\u6d4b\u8bd5\u662f\u88ab\u9b41\u7701\u79fb\u6c11\u90e8\u8ba4\u53ef\u7684\uff1a<\/span><\/p>\n<ul>\n<li>the Test d\u2019\u00e9valuation du fran\u00e7ais adapt\u00e9 pour le Qu\u00e9bec (TEFAQ) of the Chambre de commerce et d\u2019industrie de Paris (CCIP);<\/li>\n<li>the Test de connaissance du fran\u00e7ais pour le Qu\u00e9bec (TCFQ) of the Centre international d\u2019\u00e9tudes p\u00e9dagogiques (CIEP);<\/li>\n<li>the Test d\u2019\u00e9valuation du fran\u00e7ais (TEF) of the CCIP;<\/li>\n<li>the Test de connaissance du fran\u00e7ais (TCF) of the CIEP;<\/li>\n<li>the Dipl\u00f4me d\u2019\u00e9tudes en langue fran\u00e7aise (DELF) of the CIEP;<\/li>\n<li>the Dipl\u00f4me approfondi de langue fran\u00e7aise (DALF) of the CIEP.<\/li>\n<\/ul>\n<p><em>\u53ea\u6709\u6ee1\u8db3 <\/em><em>PEQ <\/em><em>\u8981\u6c42\u7684\u6bd5\u4e1a\u751f\u6216\u9884\u671f\u6bd5\u4e1a\u751f\u624d\u80fd\u62ff\u5230 <\/em><em>CSQ<\/em><em>\u3002\u5728\u9002\u7528\u7684\u60c5\u51b5\u4e0b\u4e5f\u53ef\u9881\u53d1\u7ed9\u5728\u4ed6\u4eec\u7684\u914d\u5076\u6216<\/em><em>\u4e8b\u5b9e\u4e0a\u7684\u914d\u5076<\/em><em>\uff0c\u4ee5\u53ca\u53d7\u629a\u517b\u7684\u5b50\u5973\u3002\u914d\u5076\u6216\u5b50\u5973\u4e0d\u9700\u8981\u6ee1\u8db3 <\/em><em>PEQ <\/em><em>\u6761\u4ef6\u3002<\/em><em><br \/>\n<\/em><\/p>\n<p><span style=\"color: #e60000;\"><strong>\u4f55\u65f6\u9012\u4ea4 <\/strong><\/span><strong><span style=\"color: #e60000;\">PEQ \u7533\u8bf7?<\/span><br \/>\n<\/strong><\/p>\n<p>\u4f5c\u4e3a\u9884\u671f\u7684\u6bd5\u4e1a\u751f\uff0c\u4f60\u53ef\u4ee5\u5728\u6210\u529f\u5b8c\u6210\u57fa\u4e8e PEQ \u7684\u5b66\u5386\u8ba4\u8bc1\u524d6\u4e2a\u6708\u63d0\u4ea4 CSQ \u7533\u8bf7\u3002\u4f46\u662f\u53ea\u6709\u5f53\u4f60\u6210\u529f\u63d0\u4ea4\u5b66\u5386\u548c\u5b8c\u6574\u5b66\u4e60\u8ba4\u8bc1\uff0c\u624d\u4f1a\u83b7\u5f97 CSQ \u8ba4\u8bc1\u3002\u901a\u8fc7\u63d0\u524d\u9012\u4ea4 PEQ \u7533\u8bf7\uff0c\u4f60\u53ef\u4ee5\u786e\u5b9a\u81ea\u5df1\u63d0\u4ea4\u7684\u6587\u4ef6\u662f\u5426\u7b26\u5408 PEQ \u8981\u6c42\u3002<\/p>\n<p style=\"font-size: 12px; color: grey; text-align: center;\">\u907f\u514d\u5728\u6ca1\u6709\u6cd5\u5f8b\u77e5\u8bc6\u7684\u60c5\u51b5\u4e0b\u586b\u5199\u8868\u683c\u3002\u4e00\u65e6\u7533\u8bf7\u88ab\u62d2\uff0c\u8bb0\u5f55\u5c06\u4fdd\u7559\u5728\u79fb\u6c11\u6863\u6848\u4e2d\u3002\u5bfb\u6c42\u7531\u52a0\u62ff\u5927\u79fb\u6c11\u548c\u516c\u6c11\u987e\u95ee\u5b66\u9662 (CICC) \u6307\u5b9a\u7684\u6709\u7ecf\u9a8c\u7684\u79fb\u6c11\u987e\u95ee\u7684\u5e2e\u52a9\uff0c\u8bf7\u4eca\u5929\u5c31\u8054\u7cfb\u901a\u52a0\u79fb\u6c11\u4e8b\u52a1\u6240\u7684\u670d\u52a1\u70ed\u7ebf\uff1a\uff08647\uff09797-2318 \u6216\u53d1\u90ae\u4ef6\u81f3 <a href=\"mailto:info@viausimmigration.com\">info@viausimmigration.com<\/a> \u9884\u7ea6\u54a8\u8be2\uff01<\/p>\n","protected":false},"excerpt":{"rendered":"<p>\u9b41\u5317\u514b\u7ecf\u9a8c\u7c7b\u79fb\u6c11 (PEQ) PEQ \u9879\u76ee\u4e8e2010\u5e742\u670814\u65e5\u751f\u6548\uff0c\u65e8\u5728\u52a0\u901f\u9488\u5bf9\u6709\u6280\u672f\u7684\u5de5\u4f5c\u8005\u7684\u7504\u9009\u8fdb\u7a0b\u3002\u5b83\u9488\u5bf9\u4ee5\u4e0b\u4eba\u5458\u800c\u8bbe\u8ba1\uff1a \u6301\u5de5\u4f5c\u8bb8\u53ef\u5728\u9b41\u7701\u5de5\u4f5c\u7684\u5916\u56fd\u52b3\u5de5 \u9b41\u7701\u6bd5\u4e1a\u6216\u5c06\u6bd5\u4e1a\u7684\u5916\u56fd\u7559\u5b66\u751f PEQ \u7684\u76ee\u6807\u662f\u8fc5\u901f\u5730\u7ed9\u6ee1\u8db3\u6761\u4ef6\u7684\u5de5\u4eba\u6216\u6bd5\u4e1a\u751f\u9881\u53d1 CSQ (Quebec Selection Certificate)\u3002\u5728\u9002\u7528\u7684\u60c5\u51b5\u4e0b\uff0cCSQ \u4e5f\u9881\u53d1\u7ed9\u4ed6\u4eec\u7684\u914d\u5076\uff0c\u4e8b\u5b9e\u4e0a\u7684\u914d\u5076\uff0c\u4ee5\u53ca\u53d7\u629a\u517b\u7684\u5b50\u5973\u3002 1. \u6301\u5de5\u4f5c\u8bb8\u53ef\u5728\u9b41\u7701\u5de5\u4f5c\u7684\u5916\u56fd\u52b3\u5de5 \u9488\u5bf9\u73b0\u53d7\u96c7\u4e8e\u9b41\u7701\u6301\u6709\u5de5\u4f5c\u8bb8\u53ef\u7684\u5916\u56fd\u52b3\u5de5\uff08\u5728\u8fc7\u53bb24 \u4e2a\u6708\u5185\u62e5\u6709\u81f3\u5c1112\u4e2a\u6708\u5728\u9b41\u7701\u7684\u5de5\u4f5c\u7ecf\u9a8c\uff0c\u4e14\u53ef\u4ee5\u8fdb\u884c\u6cd5\u8bed\u4ea4\u6d41\uff09\u3002 \u7533\u8bf7\u6761\u4ef6\uff1a \u5e74\u6ee1 18 \u5468\u5c81; \u73b0\u5c45\u4f4f\u5728\u9b41\u7701\uff0c\u6301\u6709\u5de5\u4f5c\u8bb8\u53ef\uff0c\u6216\u5728\u9752\u5e74\u4ea4\u6362\u8ba1\u5212\u4e2d\u62e5\u6709\u5408\u6cd5\u8eab\u4efd\u7684\u4e34\u65f6\u5c45\u6c11; \u5728\u8fc7\u53bb 24 \u4e2a\u6708\u4e2d\u81f3\u5c11\u670912 \u4e2a\u6708\u4ece\u4e8b\u4e00\u79cd\u6216\u591a\u79cd\u53ef\u7528\u4e8e\u7533\u8bf7 [&hellip;]<\/p>\n","protected":false},"author":2,"featured_media":0,"parent":0,"menu_order":0,"comment_status":"closed","ping_status":"closed","template":"","meta":{"footnotes":""},"class_list":["post-4308","page","type-page","status-publish","hentry"],"jetpack_sharing_enabled":true,"_links":{"self":[{"href":"https:\/\/viausimmigration.com\/chinese\/wp-json\/wp\/v2\/pages\/4308","targetHints":{"allow":["GET"]}}],"collection":[{"href":"https:\/\/viausimmigration.com\/chinese\/wp-json\/wp\/v2\/pages"}],"about":[{"href":"https:\/\/viausimmigration.com\/chinese\/wp-json\/wp\/v2\/types\/page"}],"author":[{"embeddable":true,"href":"https:\/\/viausimmigration.com\/chinese\/wp-json\/wp\/v2\/users\/2"}],"replies":[{"embeddable":true,"href":"https:\/\/viausimmigration.com\/chinese\/wp-json\/wp\/v2\/comments?post=4308"}],"version-history":[{"count":17,"href":"https:\/\/viausimmigration.com\/chinese\/wp-json\/wp\/v2\/pages\/4308\/revisions"}],"predecessor-version":[{"id":4954,"href":"https:\/\/viausimmigration.com\/chinese\/wp-json\/wp\/v2\/pages\/4308\/revisions\/4954"}],"wp:attachment":[{"href":"https:\/\/viausimmigration.com\/chinese\/wp-json\/wp\/v2\/media?parent=4308"}],"curies":[{"name":"wp","href":"https:\/\/api.w.org\/{rel}","templated":true}]}}